{"id":1040,"date":"2025-02-26T23:36:04","date_gmt":"2025-02-26T18:06:04","guid":{"rendered":"https:\/\/igstories.website\/?page_id=1040"},"modified":"2025-08-16T03:10:41","modified_gmt":"2025-08-15T21:40:41","slug":"instagram-stories-the-complete-guide-to-using-ig-stories-to-boost-engagement-reach","status":"publish","type":"page","link":"https:\/\/igstories.website\/de\/instagram-stories-the-complete-guide-to-using-ig-stories-to-boost-engagement-reach\/","title":{"rendered":"Instagram Stories: Der komplette Leitfaden zur Nutzung von IGStories zur Steigerung von Engagement und Reichweite"},"content":{"rendered":"<p data-start=\"258\" data-end=\"652\">Instagram Stories sind zu einem der m\u00e4chtigsten Tools f\u00fcr Marken, Influencer und Kreative geworden, um mit ihrem Publikum in Kontakt zu treten. Mit \u00fcber <strong data-start=\"399\" data-end=\"433\">500 Millionen t\u00e4glich aktive Benutzer<\/strong>Stories bieten eine einzigartige, zeitsparende M\u00f6glichkeit, Inhalte zu teilen, Gespr\u00e4che anzuregen und st\u00e4rkere Beziehungen aufzubauen. Doch wie k\u00f6nnen Sie Stories effektiv nutzen und ihre Reichweite maximieren? Hier erfahren Sie alles Wissenswerte.<\/p>\n<h2 data-start=\"659\" data-end=\"709\"><strong data-start=\"662\" data-end=\"709\">Warum Instagram Stories f\u00fcr das Engagement wichtig sind<\/strong><\/h2>\n<p data-start=\"710\" data-end=\"949\">Im Gegensatz zu regul\u00e4ren Instagram-Posts, die dauerhaft in Ihrem Profil verbleiben, verschwinden Stories nach 24 Stunden und wirken dadurch authentischer und aktueller. Diese Dringlichkeit ermutigt Ihre Follower, regelm\u00e4\u00dfig vorbeizuschauen, um nichts zu verpassen.<\/p>\n<p data-start=\"951\" data-end=\"1260\">Geschichten erscheinen auch oben im Instagram-Feed und geben Ihnen <strong data-start=\"1016\" data-end=\"1037\">erstklassige Immobilien<\/strong> um die Aufmerksamkeit der Nutzer zu erregen, bevor sie mit dem Scrollen beginnen. Dar\u00fcber hinaus ermutigen die interaktiven Funktionen von Instagram \u2013 Umfragen, Fragen, Quizze, Sticker und Links \u2013 die Zuschauer, sich aktiv mit Ihren Inhalten auseinanderzusetzen, anstatt sie nur passiv zu beobachten.<\/p>\n<hr data-start=\"1262\" data-end=\"1265\" \/>\n<h2 data-start=\"1267\" data-end=\"1327\"><strong data-start=\"1270\" data-end=\"1327\">Wie IGStories Ihnen beim Anzeigen und Speichern von Instagram-Stories hilft<\/strong><\/h2>\n<p data-start=\"1328\" data-end=\"1690\"><a href=\"https:\/\/igstories.website\/de\"><strong>IG-Geschichten<\/strong><\/a> ist ein einfaches, aber leistungsstarkes Online-Tool, mit dem Sie <strong data-start=\"1389\" data-end=\"1436\">Instagram Stories anonym ansehen und speichern<\/strong>. Egal, ob Sie Inhalte von Wettbewerbern verfolgen, kreative Inspiration speichern oder Stories genie\u00dfen m\u00f6chten, ohne sich bei Instagram anzumelden \u2013 mit diesem Tool ist es mit nur wenigen Klicks m\u00f6glich. Es funktioniert mit jedem \u00f6ffentlichen Instagram-Konto und erfordert keine App-Downloads.<\/p>\n<hr data-start=\"1692\" data-end=\"1695\" \/>\n<h2 data-start=\"1697\" data-end=\"1763\"><strong data-start=\"1700\" data-end=\"1763\">Profi-Tipps zur Steigerung von Engagement und Reichweite mit Instagram Stories<\/strong><\/h2>\n<h3 data-start=\"1765\" data-end=\"1793\"><strong data-start=\"1769\" data-end=\"1793\">1. Regelm\u00e4\u00dfig posten<\/strong><\/h3>\n<p data-start=\"1794\" data-end=\"1951\">Versuchen Sie, mindestens 3\u20137 Stories pro Tag zu posten. Dadurch bleibt Ihr Profil aktiv und Ihre Chancen steigen, in der Story-Leiste Ihrer Follower ganz vorne zu erscheinen.<\/p>\n<h3 data-start=\"1953\" data-end=\"1988\"><strong data-start=\"1957\" data-end=\"1988\">2. Verwenden Sie interaktive Sticker<\/strong><\/h3>\n<p data-start=\"1989\" data-end=\"2116\">Umfragen, Fragen, Emoji-Schieberegler und Quizze k\u00f6nnen passive Zuschauer in aktive Teilnehmer verwandeln und so Ihre Engagement-Rate verbessern.<\/p>\n<h3 data-start=\"2118\" data-end=\"2151\"><strong data-start=\"2122\" data-end=\"2151\">3. Untertitel zu Videos hinzuf\u00fcgen<\/strong><\/h3>\n<p data-start=\"2152\" data-end=\"2251\">Nicht jeder sieht mit eingeschaltetem Ton zu. Mit Untertiteln erreichen Sie jeden Zuschauer.<\/p>\n<h3 data-start=\"2253\" data-end=\"2281\"><strong data-start=\"2257\" data-end=\"2281\">4. Mischen Sie Inhaltstypen<\/strong><\/h3>\n<p data-start=\"2282\" data-end=\"2389\">Wechseln Sie zwischen Videos, Fotos, Boomerangs und Karussell-Stories, um Ihre Inhalte frisch und ansprechend zu halten.<\/p>\n<h3 data-start=\"2391\" data-end=\"2418\"><strong data-start=\"2395\" data-end=\"2418\">5. Verwenden Sie Links und CTAs<\/strong><\/h3>\n<p data-start=\"2419\" data-end=\"2594\">Wenn Sie \u00fcber einen Link verf\u00fcgen, leiten Sie die Besucher auf Ihre Website, Produktseite oder Ihren Blog weiter. F\u00fcgen Sie immer einen Call-to-Action (CTA) wie \u201eNach oben wischen\u201c oder \u201eAuf den Link tippen\u201c ein, um Ihr Publikum zu leiten.<\/p>\n<h3 data-start=\"2596\" data-end=\"2632\"><strong data-start=\"2600\" data-end=\"2632\">6. Nutzen Sie Story-Highlights<\/strong><\/h3>\n<p data-start=\"2633\" data-end=\"2734\">Speichern Sie Ihre besten Stories als Highlights, damit sie auch nach 24 Stunden in Ihrem Profil sichtbar bleiben.<\/p>\n<hr data-start=\"2736\" data-end=\"2739\" \/>\n<h2 data-start=\"2741\" data-end=\"2784\"><strong data-start=\"2744\" data-end=\"2784\">Reichweite \u00fcber Ihre Follower hinaus steigern<\/strong><\/h2>\n<p data-start=\"2785\" data-end=\"3055\">Um Ihr Publikum zu erweitern, verwenden Sie <strong data-start=\"2814\" data-end=\"2826\">Hashtags<\/strong> Und <strong data-start=\"2831\" data-end=\"2848\">Standort-Tags<\/strong> in Ihren Stories. Dadurch werden Ihre Stories f\u00fcr Nutzer auffindbar, die nach diesen Schl\u00fcsselw\u00f6rtern oder Orten suchen. Durch die Zusammenarbeit mit anderen Kreativen oder Marken k\u00f6nnen Ihre Stories auch einem v\u00f6llig neuen Publikum zug\u00e4nglich gemacht werden.<\/p>\n<p>&nbsp;<\/p>","protected":false},"excerpt":{"rendered":"<p>Instagram Stories have become one of the most powerful tools for brands, influencers, and creators to connect with their audience. With over 500 million daily active users, Stories offer a unique, time-sensitive way to share content, spark conversations, and build stronger relationships. But how can you use Stories effectively and maximize their reach? Let\u2019s dive &#8230; <a title=\"Instagram Stories: Der komplette Leitfaden zur Nutzung von IGStories zur Steigerung von Engagement und Reichweite\" class=\"read-more\" href=\"https:\/\/igstories.website\/de\/instagram-stories-the-complete-guide-to-using-ig-stories-to-boost-engagement-reach\/\" aria-label=\"Mehr Informationen \u00fcber Instagram Stories: The Complete Guide to Using IGStories to Boost Engagement + Reach\">Weiterlesen<\/a><\/p>","protected":false},"author":1,"featured_media":0,"parent":0,"menu_order":0,"comment_status":"closed","ping_status":"closed","template":"","meta":{"footnotes":""},"class_list":["post-1040","page","type-page","status-publish"],"yoast_head":"<!-- This site is optimized with the Yoast SEO plugin v27.4 - https:\/\/yoast.com\/product\/yoast-seo-wordpress\/ -->\n<title>Instagram Stories: The Complete Guide to Using IGStories to Boost Engagement + Reach - IGStories<\/title>\n<meta name=\"robots\" content=\"index, follow, max-snippet:-1, max-image-preview:large, max-video-preview:-1\" \/>\n<link rel=\"canonical\" href=\"https:\/\/igstories.website\/de\/instagram-stories-the-complete-guide-to-using-ig-stories-to-boost-engagement-reach\/\" \/>\n<meta property=\"og:locale\" content=\"de_DE\" \/>\n<meta property=\"og:type\" content=\"article\" \/>\n<meta property=\"og:title\" content=\"Instagram Stories: The Complete Guide to Using IGStories to Boost Engagement + Reach - IGStories\" \/>\n<meta property=\"og:description\" content=\"Instagram Stories have become one of the most powerful tools for brands, influencers, and creators to connect with their audience. With over 500 million daily active users, Stories offer a unique, time-sensitive way to share content, spark conversations, and build stronger relationships. But how can you use Stories effectively and maximize their reach? Let\u2019s dive ... Weiterlesen\" \/>\n<meta property=\"og:url\" content=\"https:\/\/igstories.website\/de\/instagram-stories-the-complete-guide-to-using-ig-stories-to-boost-engagement-reach\/\" \/>\n<meta property=\"og:site_name\" content=\"IGStories\" \/>\n<meta property=\"article:modified_time\" content=\"2025-08-15T21:40:41+00:00\" \/>\n<meta name=\"twitter:card\" content=\"summary_large_image\" \/>\n<meta name=\"twitter:label1\" content=\"Gesch\u00e4tzte Lesezeit\" \/>\n\t<meta name=\"twitter:data1\" content=\"2\u00a0Minuten\" \/>\n<script type=\"application\/ld+json\" class=\"yoast-schema-graph\">{\"@context\":\"https:\\\/\\\/schema.org\",\"@graph\":[{\"@type\":\"WebPage\",\"@id\":\"https:\\\/\\\/igstories.website\\\/instagram-stories-the-complete-guide-to-using-ig-stories-to-boost-engagement-reach\\\/\",\"url\":\"https:\\\/\\\/igstories.website\\\/instagram-stories-the-complete-guide-to-using-ig-stories-to-boost-engagement-reach\\\/\",\"name\":\"Instagram Stories: The Complete Guide to Using IGStories to Boost Engagement + Reach - IGStories\",\"isPartOf\":{\"@id\":\"https:\\\/\\\/igstories.website\\\/#website\"},\"datePublished\":\"2025-02-26T18:06:04+00:00\",\"dateModified\":\"2025-08-15T21:40:41+00:00\",\"breadcrumb\":{\"@id\":\"https:\\\/\\\/igstories.website\\\/instagram-stories-the-complete-guide-to-using-ig-stories-to-boost-engagement-reach\\\/#breadcrumb\"},\"inLanguage\":\"de\",\"potentialAction\":[{\"@type\":\"ReadAction\",\"target\":[\"https:\\\/\\\/igstories.website\\\/instagram-stories-the-complete-guide-to-using-ig-stories-to-boost-engagement-reach\\\/\"]}]},{\"@type\":\"BreadcrumbList\",\"@id\":\"https:\\\/\\\/igstories.website\\\/instagram-stories-the-complete-guide-to-using-ig-stories-to-boost-engagement-reach\\\/#breadcrumb\",\"itemListElement\":[{\"@type\":\"ListItem\",\"position\":1,\"name\":\"Home\",\"item\":\"https:\\\/\\\/igstories.website\\\/\"},{\"@type\":\"ListItem\",\"position\":2,\"name\":\"Instagram Stories: The Complete Guide to Using IGStories to Boost Engagement + Reach\"}]},{\"@type\":\"WebSite\",\"@id\":\"https:\\\/\\\/igstories.website\\\/#website\",\"url\":\"https:\\\/\\\/igstories.website\\\/\",\"name\":\"IGStories\",\"description\":\"\",\"publisher\":{\"@id\":\"https:\\\/\\\/igstories.website\\\/#organization\"},\"potentialAction\":[{\"@type\":\"SearchAction\",\"target\":{\"@type\":\"EntryPoint\",\"urlTemplate\":\"https:\\\/\\\/igstories.website\\\/?s={search_term_string}\"},\"query-input\":{\"@type\":\"PropertyValueSpecification\",\"valueRequired\":true,\"valueName\":\"search_term_string\"}}],\"inLanguage\":\"de\"},{\"@type\":\"Organization\",\"@id\":\"https:\\\/\\\/igstories.website\\\/#organization\",\"name\":\"Igstories\",\"url\":\"https:\\\/\\\/igstories.website\\\/\",\"logo\":{\"@type\":\"ImageObject\",\"inLanguage\":\"de\",\"@id\":\"https:\\\/\\\/igstories.website\\\/#\\\/schema\\\/logo\\\/image\\\/\",\"url\":\"https:\\\/\\\/igstories.website\\\/wp-content\\\/uploads\\\/2024\\\/09\\\/Igstories-logo1.png\",\"contentUrl\":\"https:\\\/\\\/igstories.website\\\/wp-content\\\/uploads\\\/2024\\\/09\\\/Igstories-logo1.png\",\"width\":512,\"height\":512,\"caption\":\"Igstories\"},\"image\":{\"@id\":\"https:\\\/\\\/igstories.website\\\/#\\\/schema\\\/logo\\\/image\\\/\"}}]}<\/script>\n<!-- \/ Yoast SEO plugin. -->","yoast_head_json":{"title":"Instagram Stories: Der vollst\u00e4ndige Leitfaden zur Verwendung von IGStories zur Steigerung von Engagement und Reichweite - IGStories","robots":{"index":"index","follow":"follow","max-snippet":"max-snippet:-1","max-image-preview":"max-image-preview:large","max-video-preview":"max-video-preview:-1"},"canonical":"https:\/\/igstories.website\/de\/instagram-stories-the-complete-guide-to-using-ig-stories-to-boost-engagement-reach\/","og_locale":"de_DE","og_type":"article","og_title":"Instagram Stories: The Complete Guide to Using IGStories to Boost Engagement + Reach - IGStories","og_description":"Instagram Stories have become one of the most powerful tools for brands, influencers, and creators to connect with their audience. With over 500 million daily active users, Stories offer a unique, time-sensitive way to share content, spark conversations, and build stronger relationships. But how can you use Stories effectively and maximize their reach? Let\u2019s dive ... Weiterlesen","og_url":"https:\/\/igstories.website\/de\/instagram-stories-the-complete-guide-to-using-ig-stories-to-boost-engagement-reach\/","og_site_name":"IGStories","article_modified_time":"2025-08-15T21:40:41+00:00","twitter_card":"summary_large_image","twitter_misc":{"Gesch\u00e4tzte Lesezeit":"2\u00a0Minuten"},"schema":{"@context":"https:\/\/schema.org","@graph":[{"@type":"WebPage","@id":"https:\/\/igstories.website\/instagram-stories-the-complete-guide-to-using-ig-stories-to-boost-engagement-reach\/","url":"https:\/\/igstories.website\/instagram-stories-the-complete-guide-to-using-ig-stories-to-boost-engagement-reach\/","name":"Instagram Stories: Der vollst\u00e4ndige Leitfaden zur Verwendung von IGStories zur Steigerung von Engagement und Reichweite - IGStories","isPartOf":{"@id":"https:\/\/igstories.website\/#website"},"datePublished":"2025-02-26T18:06:04+00:00","dateModified":"2025-08-15T21:40:41+00:00","breadcrumb":{"@id":"https:\/\/igstories.website\/instagram-stories-the-complete-guide-to-using-ig-stories-to-boost-engagement-reach\/#breadcrumb"},"inLanguage":"de","potentialAction":[{"@type":"ReadAction","target":["https:\/\/igstories.website\/instagram-stories-the-complete-guide-to-using-ig-stories-to-boost-engagement-reach\/"]}]},{"@type":"BreadcrumbList","@id":"https:\/\/igstories.website\/instagram-stories-the-complete-guide-to-using-ig-stories-to-boost-engagement-reach\/#breadcrumb","itemListElement":[{"@type":"ListItem","position":1,"name":"Home","item":"https:\/\/igstories.website\/"},{"@type":"ListItem","position":2,"name":"Instagram Stories: The Complete Guide to Using IGStories to Boost Engagement + Reach"}]},{"@type":"WebSite","@id":"https:\/\/igstories.website\/#website","url":"https:\/\/igstories.website\/","name":"IGStories","description":"","publisher":{"@id":"https:\/\/igstories.website\/#organization"},"potentialAction":[{"@type":"SearchAction","target":{"@type":"EntryPoint","urlTemplate":"https:\/\/igstories.website\/?s={search_term_string}"},"query-input":{"@type":"PropertyValueSpecification","valueRequired":true,"valueName":"search_term_string"}}],"inLanguage":"de"},{"@type":"Organization","@id":"https:\/\/igstories.website\/#organization","name":"Igstories","url":"https:\/\/igstories.website\/","logo":{"@type":"ImageObject","inLanguage":"de","@id":"https:\/\/igstories.website\/#\/schema\/logo\/image\/","url":"https:\/\/igstories.website\/wp-content\/uploads\/2024\/09\/Igstories-logo1.png","contentUrl":"https:\/\/igstories.website\/wp-content\/uploads\/2024\/09\/Igstories-logo1.png","width":512,"height":512,"caption":"Igstories"},"image":{"@id":"https:\/\/igstories.website\/#\/schema\/logo\/image\/"}}]}},"_links":{"self":[{"href":"https:\/\/igstories.website\/de\/wp-json\/wp\/v2\/pages\/1040","targetHints":{"allow":["GET"]}}],"collection":[{"href":"https:\/\/igstories.website\/de\/wp-json\/wp\/v2\/pages"}],"about":[{"href":"https:\/\/igstories.website\/de\/wp-json\/wp\/v2\/types\/page"}],"author":[{"embeddable":true,"href":"https:\/\/igstories.website\/de\/wp-json\/wp\/v2\/users\/1"}],"replies":[{"embeddable":true,"href":"https:\/\/igstories.website\/de\/wp-json\/wp\/v2\/comments?post=1040"}],"version-history":[{"count":4,"href":"https:\/\/igstories.website\/de\/wp-json\/wp\/v2\/pages\/1040\/revisions"}],"predecessor-version":[{"id":1565,"href":"https:\/\/igstories.website\/de\/wp-json\/wp\/v2\/pages\/1040\/revisions\/1565"}],"wp:attachment":[{"href":"https:\/\/igstories.website\/de\/wp-json\/wp\/v2\/media?parent=1040"}],"curies":[{"name":"wp","href":"https:\/\/api.w.org\/{rel}","templated":true}]}}