{"id":57,"date":"2024-09-13T09:31:07","date_gmt":"2024-09-13T09:31:07","guid":{"rendered":"https:\/\/igstories.website\/contact-us-igstories\/"},"modified":"2025-09-22T20:18:17","modified_gmt":"2025-09-22T14:48:17","slug":"contact-us","status":"publish","type":"page","link":"https:\/\/igstories.website\/es\/contact-us\/","title":{"rendered":"Cont\u00e1ctenos"},"content":{"rendered":"<div>\r\n<div>\r\n<div>\r\n<h2><span style=\"font-size: 14pt;\"><strong>Estamos aqu\u00ed para ayudar No dude en contactarnos con cualquier consulta o comentario.<\/strong><\/span><\/h2>\r\n<\/div>\r\n<\/div>\r\n<\/div>\r\n<div>\r\n<div><!-- \/wp:post-content -->\r\n\r\n<!-- wp:uagb\/container {\"block_id\":\"781fe2e8\",\"contentWidth\":\"default\",\"widthTablet\":100,\"directionDesktop\":\"row\",\"alignItemsDesktop\":\"flex-start\",\"alignItemsTablet\":\"stretch\",\"alignItemsMobile\":\"stretch\",\"topPaddingMobile\":0,\"bottomPaddingMobile\":0,\"leftPaddingMobile\":0,\"rightPaddingMobile\":0,\"paddingLink\":false,\"topMarginDesktop\":0,\"bottomMarginDesktop\":0,\"leftMarginDesktop\":0,\"rightMarginDesktop\":0,\"topMarginTablet\":0,\"bottomMarginTablet\":0,\"leftMarginTablet\":0,\"rightMarginTablet\":0,\"topMarginMobile\":0,\"bottomMarginMobile\":0,\"leftMarginMobile\":0,\"rightMarginMobile\":0,\"marginLink\":false,\"variationSelected\":true,\"rowGapMobile\":45,\"columnGapDesktop\":100,\"columnGapTablet\":60,\"isBlockRootParent\":true,\"widthSetByUser\":true} -->\r\n<div><!-- wp:uagb\/container {\"block_id\":\"a395e547\",\"widthDesktop\":50,\"widthTablet\":50,\"justifyContentDesktop\":\"flex-start\",\"justifyContentMobile\":\"flex-start\",\"leftPaddingDesktop\":0,\"rightPaddingDesktop\":0,\"leftPaddingTablet\":0,\"rightPaddingTablet\":0,\"topPaddingMobile\":0,\"bottomPaddingMobile\":0,\"leftPaddingMobile\":0,\"rightPaddingMobile\":0,\"paddingLink\":false,\"topMarginMobile\":0,\"bottomMarginMobile\":0,\"leftMarginMobile\":0,\"rightMarginMobile\":0,\"variationSelected\":true,\"rowGapDesktop\":30,\"rowGapTablet\":20,\"rowGapMobile\":20,\"columnGapTablet\":0,\"widthSetByUser\":true} -->\r\n<div><!-- wp:uagb\/advanced-heading {\"block_id\":\"5583e794\",\"classMigrate\":true,\"headingDescToggle\":true,\"headingAlignTablet\":\"left\",\"headingAlignMobile\":\"left\",\"headingColor\":\"var(\\u002d\\u002dast-global-color-2)\",\"subHeadingColor\":\"\",\"separatorColor\":\"var(\\u002d\\u002dast-global-color-6)\",\"headingTag\":\"div\",\"seperatorPosition\":\"below-sub-heading\",\"separatorHeight\":1,\"separatorWidth\":100,\"separatorWidthTablet\":100,\"separatorWidthMobile\":100,\"headSpace\":12,\"headSpaceMobile\":10,\"headSpaceTablet\":10,\"subHeadSpace\":8,\"subHeadSpaceMobile\":0,\"subHeadSpaceTablet\":0,\"headFontWeight\":\"600\",\"headTransform\":\"uppercase\",\"headFontSize\":16,\"headLetterSpacing\":0,\"separatorSpace\":0,\"separatorSpaceTablet\":0,\"blockTopPaddingTablet\":0,\"blockRightPaddingTablet\":0,\"blockLeftPaddingTablet\":0,\"blockBottomPaddingTablet\":0,\"blockTopPaddingMobile\":0,\"blockRightPaddingMobile\":0,\"blockLeftPaddingMobile\":0,\"blockBottomPaddingMobile\":0,\"blockTopMarginTablet\":0,\"blockRightMarginTablet\":0,\"blockLeftMarginTablet\":0,\"blockBottomMarginTablet\":0,\"blockTopMarginMobile\":0,\"blockRightMarginMobile\":0,\"blockLeftMarginMobile\":0,\"blockBottomMarginMobile\":0} -->\r\n<div>\r\n<div>Direcci\u00f3n: 2360 Hood Avenue, San Diego, CA, 92123<\/div>\r\n<div>\u00a0<\/div>\r\n<\/div>\r\n<!-- \/wp:uagb\/advanced-heading -->\r\n\r\n<!-- wp:uagb\/advanced-heading {\"block_id\":\"92226833\",\"classMigrate\":true,\"headingDescToggle\":true,\"headingAlignTablet\":\"left\",\"headingAlignMobile\":\"left\",\"headingColor\":\"var(\\u002d\\u002dast-global-color-2)\",\"subHeadingColor\":\"\",\"separatorColor\":\"var(\\u002d\\u002dast-global-color-6)\",\"headingTag\":\"div\",\"seperatorPosition\":\"below-sub-heading\",\"separatorHeight\":1,\"separatorWidth\":100,\"separatorWidthTablet\":100,\"separatorWidthMobile\":100,\"headSpace\":12,\"headSpaceMobile\":10,\"headSpaceTablet\":10,\"subHeadSpace\":8,\"subHeadSpaceMobile\":0,\"subHeadSpaceTablet\":0,\"headFontWeight\":\"600\",\"headTransform\":\"uppercase\",\"headFontSize\":16,\"headLetterSpacing\":0,\"separatorSpace\":0,\"separatorSpaceTablet\":0,\"blockTopPaddingTablet\":0,\"blockRightPaddingTablet\":0,\"blockLeftPaddingTablet\":0,\"blockBottomPaddingTablet\":0,\"blockTopPaddingMobile\":0,\"blockRightPaddingMobile\":0,\"blockLeftPaddingMobile\":0,\"blockBottomPaddingMobile\":0,\"blockTopMarginTablet\":0,\"blockRightMarginTablet\":0,\"blockLeftMarginTablet\":0,\"blockBottomMarginTablet\":0,\"blockTopMarginMobile\":0,\"blockRightMarginMobile\":0,\"blockLeftMarginMobile\":0,\"blockBottomMarginMobile\":0} -->\r\n<div>\r\n<div>Correo electr\u00f3nico: info@igstories.website (Enviar mensaje)<\/div>\r\n<div>\u00a0<\/div>\r\n<div>Por favor verifique nuevamente todos los campos del formulario.<\/div>\r\n<\/div>\r\n<\/div>\r\n<!-- \/wp:uagb\/advanced-heading --><\/div>\r\n<!-- \/wp:uagb\/container --><\/div>\r\n<\/div>\r\n<p data-start=\"5043\" data-end=\"5111\"><!-- \/wp:uagb\/container -->\r\n\r\n<!-- wp:uagb\/container {\"block_id\":\"71fea0c9\",\"innerContentCustomWidthDesktop\":800,\"innerContentCustomWidthTablet\":640,\"backgroundType\":\"image\",\"backgroundImageDesktop\":{\"id\":48,\"title\":\"cta\",\"filename\":\"cta.jpg\",\"url\":\"https:\/\/multipurpose9.ziptemplates.top\/wp-content\/uploads\/2023\/08\/cta.jpg\",\"link\":\"https:\/\/multipurpose9.ziptemplates.top\/cta\/\",\"alt\":\"\",\"author\":\"2\",\"description\":\"\",\"caption\":\"\",\"name\":\"cta\",\"status\":\"inherit\",\"uploadedTo\":0,\"date\":\"2023-08-16T06:19:47.000Z\",\"modified\":\"2023-08-16T06:19:47.000Z\",\"menuOrder\":0,\"mime\":\"image\/jpeg\",\"type\":\"image\",\"subtype\":\"jpeg\",\"icon\":\"https:\/\/multipurpose9.ziptemplates.top\/wp-includes\/images\/media\/default.png\",\"dateFormatted\":\"August 16, 2023\",\"nonces\":{\"update\":\"1aaa5e0d03\",\"delete\":\"f6aeb025e0\",\"edit\":\"151885e591\"},\"editLink\":\"https:\/\/multipurpose9.ziptemplates.top\/wp-admin\/post.php?post=48\\u0026action=edit\",\"meta\":false,\"authorName\":\"aadhavanm\",\"authorLink\":\"https:\/\/multipurpose9.ziptemplates.top\/wp-admin\/profile.php\",\"filesizeInBytes\":122953,\"filesizeHumanReadable\":\"120 KB\",\"context\":\"\",\"height\":506,\"width\":1920,\"orientation\":\"landscape\",\"sizes\":{\"thumbnail\":{\"height\":150,\"width\":150,\"url\":\"https:\/\/multipurpose9.ziptemplates.top\/wp-content\/uploads\/2023\/08\/cta-150x150.jpg\",\"orientation\":\"landscape\"},\"medium\":{\"height\":79,\"width\":300,\"url\":\"https:\/\/multipurpose9.ziptemplates.top\/wp-content\/uploads\/2023\/08\/cta-300x79.jpg\",\"orientation\":\"landscape\"},\"large\":{\"height\":270,\"width\":1024,\"url\":\"https:\/\/multipurpose9.ziptemplates.top\/wp-content\/uploads\/2023\/08\/cta-1024x270.jpg\",\"orientation\":\"landscape\"},\"full\":{\"url\":\"https:\/\/multipurpose9.ziptemplates.top\/wp-content\/uploads\/2023\/08\/cta.jpg\",\"height\":506,\"width\":1920,\"orientation\":\"landscape\"}},\"compat\":{\"item\":\"\",\"meta\":\"\"}},\"backgroundImageColor\":\"var(\\u002d\\u002dast-global-color-7)\",\"topPaddingDesktop\":100,\"bottomPaddingDesktop\":100,\"leftPaddingDesktop\":40,\"rightPaddingDesktop\":40,\"topPaddingTablet\":80,\"bottomPaddingTablet\":80,\"leftPaddingTablet\":32,\"rightPaddingTablet\":32,\"topPaddingMobile\":64,\"bottomPaddingMobile\":64,\"leftPaddingMobile\":24,\"rightPaddingMobile\":24,\"paddingLink\":false,\"topMarginDesktop\":0,\"bottomMarginDesktop\":0,\"leftMarginDesktop\":0,\"rightMarginDesktop\":0,\"topMarginTablet\":0,\"bottomMarginTablet\":0,\"leftMarginTablet\":0,\"rightMarginTablet\":0,\"topMarginMobile\":0,\"bottomMarginMobile\":0,\"leftMarginMobile\":0,\"rightMarginMobile\":0,\"marginLink\":false,\"variationSelected\":true,\"isBlockRootParent\":true,\"overlayType\":\"color\",\"overlayOpacity\":0.6999999999999999555910790149937383830547332763671875} --><\/p>\r\n<div>\r\n<div><!-- wp:uagb\/info-box {\"classMigrate\":true,\"headingAlignTablet\":\"center\",\"headingColor\":\"#ffffff\",\"subHeadingColor\":\"#ffffff\",\"headingTag\":\"h2\",\"headSpace\":16,\"subHeadSpace\":22,\"block_id\":\"844f8cf1\",\"showCtaIcon\":false,\"ctaType\":\"button\",\"ctaText\":\"call to action\",\"ctaLink\":\"#\",\"ctaBorderColor\":\"\",\"ctaBorderStyle\":\"\",\"showIcon\":false,\"headTopMargin\":0,\"headRightMargin\":0,\"headLeftMargin\":0,\"headMarginTopTablet\":0,\"headMarginRightTablet\":0,\"headTabletSpace\":16,\"headMarginLeftTablet\":0,\"headMarginTopMobile\":0,\"headMarginRightMobile\":0,\"headMobileSpace\":10,\"headMarginLeftMobile\":0,\"blockTopPaddingMobile\":0,\"blockRightPaddingMobile\":0,\"blockLeftPaddingMobile\":0,\"blockBottomPaddingMobile\":0,\"subHeadTopMargin\":0,\"subHeadRightMargin\":0,\"subHeadLeftMargin\":0,\"subHeadMarginTopTablet\":0,\"subHeadMarginRightTablet\":0,\"subHeadTabletSpace\":22,\"subHeadMarginLeftTablet\":0,\"subHeadMarginTopMobile\":0,\"subHeadMarginRightMobile\":0,\"subHeadMobileSpace\":24,\"subHeadMarginLeftMobile\":0,\"btnBorderTopWidth\":1,\"btnBorderLeftWidth\":1,\"btnBorderRightWidth\":1,\"btnBorderBottomWidth\":1,\"btnBorderTopLeftRadius\":0,\"btnBorderTopRightRadius\":0,\"btnBorderBottomLeftRadius\":0,\"btnBorderBottomRightRadius\":0,\"btnBorderStyle\":\"solid\",\"btnBorderColor\":\"#333\"} -->\r\n<div>\r\n<div>\r\n<div>\r\n<h3><span style=\"font-size: 14pt;\"><strong>Tambi\u00e9n puede enviarnos un correo electr\u00f3nico directamente o conectarse con nosotros a trav\u00e9s de nuestros canales de redes sociales. <\/strong><\/span><\/h3>\r\n<p>\u00a1Esperamos tener noticias suyas! Si tiene preguntas, comentarios o necesita ayuda con nuestros servicios, no dude en contactarnos.<\/p>\r\n<\/div>\r\n<\/div>\r\n<\/div>\r\n<\/div>\r\n<\/div><!-- \/wp:uagb\/info-box -->","protected":false},"excerpt":{"rendered":"<p>We\u2019re Here to Help Feel free to contact us with any inquiries or feedback. Address:- 2360 Hood Avenue, San Diego, CA, 92123 \u00a0 Email:- info@igstories.website (Send Message) \u00a0 Please verify all form fields again. You can also email us directly or connect with us through our social media channels. We look forward to hearing from &#8230; <a title=\"Cont\u00e1ctenos\" class=\"read-more\" href=\"https:\/\/igstories.website\/es\/contact-us\/\" aria-label=\"Leer m\u00e1s sobre Contact Us\">Leer m\u00e1s<\/a><\/p>","protected":false},"author":1,"featured_media":0,"parent":0,"menu_order":0,"comment_status":"closed","ping_status":"closed","template":"","meta":{"footnotes":""},"class_list":["post-57","page","type-page","status-publish"],"yoast_head":"<!-- This site is optimized with the Yoast SEO plugin v27.4 - https:\/\/yoast.com\/product\/yoast-seo-wordpress\/ -->\n<title>Contact Us - IGStories<\/title>\n<meta name=\"robots\" content=\"index, follow, max-snippet:-1, max-image-preview:large, max-video-preview:-1\" \/>\n<link rel=\"canonical\" href=\"https:\/\/igstories.website\/es\/contact-us\/\" \/>\n<meta property=\"og:locale\" content=\"es_ES\" \/>\n<meta property=\"og:type\" content=\"article\" \/>\n<meta property=\"og:title\" content=\"Contact Us - IGStories\" \/>\n<meta property=\"og:description\" content=\"We\u2019re Here to Help Feel free to contact us with any inquiries or feedback. Address:- 2360 Hood Avenue, San Diego, CA, 92123 \u00a0 Email:- info@igstories.website (Send Message) \u00a0 Please verify all form fields again. You can also email us directly or connect with us through our social media channels. We look forward to hearing from ... Leer m\u00e1s\" \/>\n<meta property=\"og:url\" content=\"https:\/\/igstories.website\/es\/contact-us\/\" \/>\n<meta property=\"og:site_name\" content=\"IGStories\" \/>\n<meta property=\"article:modified_time\" content=\"2025-09-22T14:48:17+00:00\" \/>\n<meta name=\"twitter:card\" content=\"summary_large_image\" \/>\n<meta name=\"twitter:label1\" content=\"Tiempo de lectura\" \/>\n\t<meta name=\"twitter:data1\" content=\"1 minuto\" \/>\n<script type=\"application\/ld+json\" class=\"yoast-schema-graph\">{\"@context\":\"https:\\\/\\\/schema.org\",\"@graph\":[{\"@type\":\"WebPage\",\"@id\":\"https:\\\/\\\/igstories.website\\\/contact-us\\\/\",\"url\":\"https:\\\/\\\/igstories.website\\\/contact-us\\\/\",\"name\":\"Contact Us - IGStories\",\"isPartOf\":{\"@id\":\"https:\\\/\\\/igstories.website\\\/#website\"},\"datePublished\":\"2024-09-13T09:31:07+00:00\",\"dateModified\":\"2025-09-22T14:48:17+00:00\",\"breadcrumb\":{\"@id\":\"https:\\\/\\\/igstories.website\\\/contact-us\\\/#breadcrumb\"},\"inLanguage\":\"es-AR\",\"potentialAction\":[{\"@type\":\"ReadAction\",\"target\":[\"https:\\\/\\\/igstories.website\\\/contact-us\\\/\"]}]},{\"@type\":\"BreadcrumbList\",\"@id\":\"https:\\\/\\\/igstories.website\\\/contact-us\\\/#breadcrumb\",\"itemListElement\":[{\"@type\":\"ListItem\",\"position\":1,\"name\":\"Home\",\"item\":\"https:\\\/\\\/igstories.website\\\/\"},{\"@type\":\"ListItem\",\"position\":2,\"name\":\"Contact Us\"}]},{\"@type\":\"WebSite\",\"@id\":\"https:\\\/\\\/igstories.website\\\/#website\",\"url\":\"https:\\\/\\\/igstories.website\\\/\",\"name\":\"IGStories\",\"description\":\"\",\"publisher\":{\"@id\":\"https:\\\/\\\/igstories.website\\\/#organization\"},\"potentialAction\":[{\"@type\":\"SearchAction\",\"target\":{\"@type\":\"EntryPoint\",\"urlTemplate\":\"https:\\\/\\\/igstories.website\\\/?s={search_term_string}\"},\"query-input\":{\"@type\":\"PropertyValueSpecification\",\"valueRequired\":true,\"valueName\":\"search_term_string\"}}],\"inLanguage\":\"es-AR\"},{\"@type\":\"Organization\",\"@id\":\"https:\\\/\\\/igstories.website\\\/#organization\",\"name\":\"Igstories\",\"url\":\"https:\\\/\\\/igstories.website\\\/\",\"logo\":{\"@type\":\"ImageObject\",\"inLanguage\":\"es-AR\",\"@id\":\"https:\\\/\\\/igstories.website\\\/#\\\/schema\\\/logo\\\/image\\\/\",\"url\":\"https:\\\/\\\/igstories.website\\\/wp-content\\\/uploads\\\/2024\\\/09\\\/Igstories-logo1.png\",\"contentUrl\":\"https:\\\/\\\/igstories.website\\\/wp-content\\\/uploads\\\/2024\\\/09\\\/Igstories-logo1.png\",\"width\":512,\"height\":512,\"caption\":\"Igstories\"},\"image\":{\"@id\":\"https:\\\/\\\/igstories.website\\\/#\\\/schema\\\/logo\\\/image\\\/\"}}]}<\/script>\n<!-- \/ Yoast SEO plugin. -->","yoast_head_json":{"title":"Cont\u00e1ctenos - IGStories","robots":{"index":"index","follow":"follow","max-snippet":"max-snippet:-1","max-image-preview":"max-image-preview:large","max-video-preview":"max-video-preview:-1"},"canonical":"https:\/\/igstories.website\/es\/contact-us\/","og_locale":"es_ES","og_type":"article","og_title":"Contact Us - IGStories","og_description":"We\u2019re Here to Help Feel free to contact us with any inquiries or feedback. Address:- 2360 Hood Avenue, San Diego, CA, 92123 \u00a0 Email:- info@igstories.website (Send Message) \u00a0 Please verify all form fields again. You can also email us directly or connect with us through our social media channels. We look forward to hearing from ... Leer m\u00e1s","og_url":"https:\/\/igstories.website\/es\/contact-us\/","og_site_name":"IGStories","article_modified_time":"2025-09-22T14:48:17+00:00","twitter_card":"summary_large_image","twitter_misc":{"Tiempo de lectura":"1 minuto"},"schema":{"@context":"https:\/\/schema.org","@graph":[{"@type":"WebPage","@id":"https:\/\/igstories.website\/contact-us\/","url":"https:\/\/igstories.website\/contact-us\/","name":"Cont\u00e1ctenos - IGStories","isPartOf":{"@id":"https:\/\/igstories.website\/#website"},"datePublished":"2024-09-13T09:31:07+00:00","dateModified":"2025-09-22T14:48:17+00:00","breadcrumb":{"@id":"https:\/\/igstories.website\/contact-us\/#breadcrumb"},"inLanguage":"es-AR","potentialAction":[{"@type":"ReadAction","target":["https:\/\/igstories.website\/contact-us\/"]}]},{"@type":"BreadcrumbList","@id":"https:\/\/igstories.website\/contact-us\/#breadcrumb","itemListElement":[{"@type":"ListItem","position":1,"name":"Home","item":"https:\/\/igstories.website\/"},{"@type":"ListItem","position":2,"name":"Contact Us"}]},{"@type":"WebSite","@id":"https:\/\/igstories.website\/#website","url":"https:\/\/igstories.website\/","name":"IGStories","description":"","publisher":{"@id":"https:\/\/igstories.website\/#organization"},"potentialAction":[{"@type":"SearchAction","target":{"@type":"EntryPoint","urlTemplate":"https:\/\/igstories.website\/?s={search_term_string}"},"query-input":{"@type":"PropertyValueSpecification","valueRequired":true,"valueName":"search_term_string"}}],"inLanguage":"es-AR"},{"@type":"Organization","@id":"https:\/\/igstories.website\/#organization","name":"Igstories","url":"https:\/\/igstories.website\/","logo":{"@type":"ImageObject","inLanguage":"es-AR","@id":"https:\/\/igstories.website\/#\/schema\/logo\/image\/","url":"https:\/\/igstories.website\/wp-content\/uploads\/2024\/09\/Igstories-logo1.png","contentUrl":"https:\/\/igstories.website\/wp-content\/uploads\/2024\/09\/Igstories-logo1.png","width":512,"height":512,"caption":"Igstories"},"image":{"@id":"https:\/\/igstories.website\/#\/schema\/logo\/image\/"}}]}},"_links":{"self":[{"href":"https:\/\/igstories.website\/es\/wp-json\/wp\/v2\/pages\/57","targetHints":{"allow":["GET"]}}],"collection":[{"href":"https:\/\/igstories.website\/es\/wp-json\/wp\/v2\/pages"}],"about":[{"href":"https:\/\/igstories.website\/es\/wp-json\/wp\/v2\/types\/page"}],"author":[{"embeddable":true,"href":"https:\/\/igstories.website\/es\/wp-json\/wp\/v2\/users\/1"}],"replies":[{"embeddable":true,"href":"https:\/\/igstories.website\/es\/wp-json\/wp\/v2\/comments?post=57"}],"version-history":[{"count":8,"href":"https:\/\/igstories.website\/es\/wp-json\/wp\/v2\/pages\/57\/revisions"}],"predecessor-version":[{"id":2471,"href":"https:\/\/igstories.website\/es\/wp-json\/wp\/v2\/pages\/57\/revisions\/2471"}],"wp:attachment":[{"href":"https:\/\/igstories.website\/es\/wp-json\/wp\/v2\/media?parent=57"}],"curies":[{"name":"wp","href":"https:\/\/api.w.org\/{rel}","templated":true}]}}