{"id":800,"date":"2025-02-01T20:19:22","date_gmt":"2025-02-01T14:49:22","guid":{"rendered":"https:\/\/igstories.website\/?page_id=800"},"modified":"2025-02-01T20:33:46","modified_gmt":"2025-02-01T15:03:46","slug":"instagram-photo","status":"publish","type":"page","link":"https:\/\/igstories.website\/es\/instagram-photo\/","title":{"rendered":"Descargador de fotos de Instagram"},"content":{"rendered":"<div class=\"wp-block-uagb-info-box uagb-block-0bca2e31 uagb-infobox__content-wrap  uagb-infobox-icon-above-title uagb-infobox-image-valign-top\"><div class=\"uagb-ifb-content\"><div class=\"uagb-ifb-title-wrap\"><br><h1 class=\"uagb-ifb-title\">Descargador de fotos de Instagram<\/h1><\/div>\n<!DOCTYPE html>\n<html lang=\"en\">\n<head>\n    <meta charset=\"UTF-8\">\n    <meta name=\"viewport\" content=\"width=device-width, initial-scale=1.0\">\n    <link href=\"https:\/\/cdn.jsdelivr.net\/npm\/bootstrap@5.3.2\/dist\/css\/bootstrap.min.css\" rel=\"stylesheet\"\/>\n<\/head>\n<body style=\"font-family: Arial, sans-serif; text-align: center; margin: 0; padding: 0; style=\"background-color:#ecfffe;\">\n<br>\n    <center>\n        <input type=\"text\" id=\"inputField\" placeholder=\"Introduce el nombre de usuario o la URL de Instagram\" \n            style=\"width: 100%; max-width: 900px; padding: 10px; margin-bottom: 10px; border: 2px solid #ddd; border-radius: 5px; font-size: 16px;\">\n        <button onclick=\"handleInput()\" style=\"padding: 10px 20px; background-color: #31A2CB; color: white; border: none; border-radius: 5px; font-size: 16px; cursor: pointer;\">\n            Download\n        <\/button>\n    <\/center>\n    <center>\n        <div id=\"spinner\" class=\"spinner\" style=\"border: 4px solid rgba(0, 0, 0, 0.1); width: 36px; height: 36px; border-radius: 50%; border-top-color: #007bff; margin-top: 10px; display: none; animation: spin 1s linear infinite;\"><\/div>\n    <\/center>\n    <div id=\"result\" style=\"display: flex; flex-direction: column; align-items: center; margin-top: 20px;\"><\/div>\n    <center>\n        \n        <a id=\"moreVideosBtn\" href=\"https:\/\/igstories.website\/es\" class=\"more-videos-btn\" \n           style=\"display: none; width: 50%; padding: 5px 10px; background-color: #7a3b7a; color: white; border: none; border-radius: 5px; font-size: 16px; text-decoration: none; margin-top: 20px;\">\n           Descargar m\u00e1s v\u00eddeos\n        <\/a>\n    <\/center>\n\t<br>\n    <p id=\"errorMessage\" style=\"color: red; display: none; text-align: center;\"><\/p>\n\n    <script src=\"https:\/\/cdnjs.cloudflare.com\/ajax\/libs\/axios\/1.5.1\/axios.min.js\"><\/script>\n    <script async src=\"\/wp-content\/js\/script.js\"><\/script>\n<\/body>\n<\/html>\n\n\n\n<div class=\"wp-block-uagb-container uagb-block-f0248910 alignfull uagb-is-root-container\"><div class=\"uagb-container-inner-blocks-wrap\">\n<div class=\"wp-block-uagb-container uagb-block-2b3f9e44\">\n<p><img fetchpriority=\"high\" decoding=\"async\" class=\"alignnone size-medium wp-image-803\" src=\"https:\/\/igstories.website\/wp-content\/uploads\/2025\/02\/184.-Mobile-Device-300x300.png\" alt=\"\" width=\"300\" height=\"300\" srcset=\"https:\/\/igstories.website\/wp-content\/uploads\/2025\/02\/184.-Mobile-Device-300x300.png 300w, https:\/\/igstories.website\/wp-content\/uploads\/2025\/02\/184.-Mobile-Device-150x150.png 150w, https:\/\/igstories.website\/wp-content\/uploads\/2025\/02\/184.-Mobile-Device.png 743w\" sizes=\"(max-width: 300px) 100vw, 300px\" \/><\/p>\n<\/div>\n\n\n\n<div class=\"wp-block-uagb-container uagb-block-f9e6e5b5\">\n<p><img decoding=\"async\" class=\"alignnone  wp-image-804\" src=\"https:\/\/igstories.website\/wp-content\/uploads\/2025\/02\/022-Influencer-300x300.png\" alt=\"\" width=\"284\" height=\"284\" srcset=\"https:\/\/igstories.website\/wp-content\/uploads\/2025\/02\/022-Influencer-300x300.png 300w, https:\/\/igstories.website\/wp-content\/uploads\/2025\/02\/022-Influencer-150x150.png 150w, https:\/\/igstories.website\/wp-content\/uploads\/2025\/02\/022-Influencer.png 743w\" sizes=\"(max-width: 284px) 100vw, 284px\" \/><\/p>\n<\/div>\n\n\n\n<div class=\"wp-block-uagb-container uagb-block-5fe05c72\">\n<p><img decoding=\"async\" class=\"alignnone size-medium wp-image-806\" src=\"https:\/\/igstories.website\/wp-content\/uploads\/2025\/02\/213.-Instagram-300x300.png\" alt=\"\" width=\"300\" height=\"300\" srcset=\"https:\/\/igstories.website\/wp-content\/uploads\/2025\/02\/213.-Instagram-300x300.png 300w, https:\/\/igstories.website\/wp-content\/uploads\/2025\/02\/213.-Instagram-150x150.png 150w, https:\/\/igstories.website\/wp-content\/uploads\/2025\/02\/213.-Instagram.png 743w\" sizes=\"(max-width: 300px) 100vw, 300px\" \/><\/p>\n<\/div>\n<\/div><\/div>\n\n\n\n<h2><strong>Imagen de Igstories<\/strong><strong>\u00a0<\/strong><strong>Descargador para\u00a0<\/strong><strong>Instagram<\/strong><strong>\u00a0<\/strong><\/h2>\n<p>Prep\u00e1rate para guardar im\u00e1genes de Instagram f\u00e1cilmente con Igstories Image Downloader. Por eso es tu herramienta ideal para guardar tus im\u00e1genes favoritas de Instagram. Esta herramienta ofrece una soluci\u00f3n perfecta para guardar tus im\u00e1genes favoritas de Instagram. Simplifica el proceso de guardar im\u00e1genes de Instagram. Con solo unos clics, los usuarios pueden descargar sus im\u00e1genes favoritas directamente a sus dispositivos, sin necesidad de procedimientos complejos ni aplicaciones de terceros.<\/p>\n<h2><strong>Caracter\u00edsticas de Igstories Photo Downloader<\/strong><\/h2>\n<p><strong>Descarga de im\u00e1genes f\u00e1cilmente \u2013\u00a0<\/strong>Una de las caracter\u00edsticas clave de Igstories Image Downloader es su simplicidad. A diferencia de otras herramientas para guardar im\u00e1genes que requieren pasos o descargas complicadas, Igstories Image Downloader simplifica el proceso. Con solo unos clics, puedes guardar cualquier imagen de Instagram en tu dispositivo, eliminando la necesidad de capturas de pantalla manuales o aplicaciones de terceros. Ya sea en tu computadora o dispositivo m\u00f3vil, este descargador de im\u00e1genes te garantiza una experiencia sin complicaciones en todo momento.<\/p>\n<p><strong>Descarga ilimitada de im\u00e1genes de Instagram \u2013 Igstories<\/strong>\u00a0Image Downloader ofrece acceso ilimitado a im\u00e1genes de Instagram, permiti\u00e9ndote guardar tantas como quieras sin restricciones. Ya sea que guardes im\u00e1genes para uso personal o que crees contenido para tus redes sociales, esta herramienta te garantiza acceso a todas las im\u00e1genes que necesitas. Dile adi\u00f3s a los l\u00edmites de descarga y dale la bienvenida a infinitas posibilidades con Image Downloader.<\/p>\n<p><strong>No pierda la calidad de la imagen \u2013\u00a0<\/strong>La calidad es fundamental al guardar im\u00e1genes de Instagram, y con este Descargador de Im\u00e1genes, puedes estar seguro de que las im\u00e1genes descargadas conservar\u00e1n su calidad original. Ya sea un paisaje impresionante, un retrato cautivador o un meme divertid\u00edsimo, el Descargador de Im\u00e1genes de Igstories conserva la calidad original de la imagen, garantizando que disfrutes de im\u00e1genes n\u00edtidas y n\u00edtidas en todo momento.<\/p>\n\n\n\n<p><\/p>","protected":false},"excerpt":{"rendered":"<p>Descargador de fotos de Instagram<\/p>","protected":false},"author":1,"featured_media":0,"parent":0,"menu_order":0,"comment_status":"closed","ping_status":"closed","template":"","meta":{"footnotes":""},"class_list":["post-800","page","type-page","status-publish"],"yoast_head":"<!-- This site is optimized with the Yoast SEO plugin v27.4 - https:\/\/yoast.com\/product\/yoast-seo-wordpress\/ -->\n<title>Instagram Photo Downloader - IGStories<\/title>\n<meta name=\"robots\" content=\"index, follow, max-snippet:-1, max-image-preview:large, max-video-preview:-1\" \/>\n<link rel=\"canonical\" href=\"https:\/\/igstories.website\/es\/instagram-photo\/\" \/>\n<meta property=\"og:locale\" content=\"es_ES\" \/>\n<meta property=\"og:type\" content=\"article\" \/>\n<meta property=\"og:title\" content=\"Instagram Photo Downloader - IGStories\" \/>\n<meta property=\"og:description\" content=\"Instagram Photo Downloader\" \/>\n<meta property=\"og:url\" content=\"https:\/\/igstories.website\/es\/instagram-photo\/\" \/>\n<meta property=\"og:site_name\" content=\"IGStories\" \/>\n<meta property=\"article:modified_time\" content=\"2025-02-01T15:03:46+00:00\" \/>\n<meta property=\"og:image\" content=\"https:\/\/igstories.website\/wp-content\/uploads\/2025\/02\/184.-Mobile-Device-300x300.png\" \/>\n<meta name=\"twitter:card\" content=\"summary_large_image\" \/>\n<meta name=\"twitter:label1\" content=\"Tiempo de lectura\" \/>\n\t<meta name=\"twitter:data1\" content=\"2 minutos\" \/>\n<script type=\"application\/ld+json\" class=\"yoast-schema-graph\">{\"@context\":\"https:\\\/\\\/schema.org\",\"@graph\":[{\"@type\":\"WebPage\",\"@id\":\"https:\\\/\\\/igstories.website\\\/instagram-photo\\\/\",\"url\":\"https:\\\/\\\/igstories.website\\\/instagram-photo\\\/\",\"name\":\"Instagram Photo Downloader - IGStories\",\"isPartOf\":{\"@id\":\"https:\\\/\\\/igstories.website\\\/#website\"},\"primaryImageOfPage\":{\"@id\":\"https:\\\/\\\/igstories.website\\\/instagram-photo\\\/#primaryimage\"},\"image\":{\"@id\":\"https:\\\/\\\/igstories.website\\\/instagram-photo\\\/#primaryimage\"},\"thumbnailUrl\":\"https:\\\/\\\/igstories.website\\\/wp-content\\\/uploads\\\/2025\\\/02\\\/184.-Mobile-Device-300x300.png\",\"datePublished\":\"2025-02-01T14:49:22+00:00\",\"dateModified\":\"2025-02-01T15:03:46+00:00\",\"breadcrumb\":{\"@id\":\"https:\\\/\\\/igstories.website\\\/instagram-photo\\\/#breadcrumb\"},\"inLanguage\":\"es-AR\",\"potentialAction\":[{\"@type\":\"ReadAction\",\"target\":[\"https:\\\/\\\/igstories.website\\\/instagram-photo\\\/\"]}]},{\"@type\":\"ImageObject\",\"inLanguage\":\"es-AR\",\"@id\":\"https:\\\/\\\/igstories.website\\\/instagram-photo\\\/#primaryimage\",\"url\":\"https:\\\/\\\/igstories.website\\\/wp-content\\\/uploads\\\/2025\\\/02\\\/184.-Mobile-Device-300x300.png\",\"contentUrl\":\"https:\\\/\\\/igstories.website\\\/wp-content\\\/uploads\\\/2025\\\/02\\\/184.-Mobile-Device-300x300.png\"},{\"@type\":\"BreadcrumbList\",\"@id\":\"https:\\\/\\\/igstories.website\\\/instagram-photo\\\/#breadcrumb\",\"itemListElement\":[{\"@type\":\"ListItem\",\"position\":1,\"name\":\"Home\",\"item\":\"https:\\\/\\\/igstories.website\\\/\"},{\"@type\":\"ListItem\",\"position\":2,\"name\":\"Instagram Photo Downloader\"}]},{\"@type\":\"WebSite\",\"@id\":\"https:\\\/\\\/igstories.website\\\/#website\",\"url\":\"https:\\\/\\\/igstories.website\\\/\",\"name\":\"IGStories\",\"description\":\"\",\"publisher\":{\"@id\":\"https:\\\/\\\/igstories.website\\\/#organization\"},\"potentialAction\":[{\"@type\":\"SearchAction\",\"target\":{\"@type\":\"EntryPoint\",\"urlTemplate\":\"https:\\\/\\\/igstories.website\\\/?s={search_term_string}\"},\"query-input\":{\"@type\":\"PropertyValueSpecification\",\"valueRequired\":true,\"valueName\":\"search_term_string\"}}],\"inLanguage\":\"es-AR\"},{\"@type\":\"Organization\",\"@id\":\"https:\\\/\\\/igstories.website\\\/#organization\",\"name\":\"Igstories\",\"url\":\"https:\\\/\\\/igstories.website\\\/\",\"logo\":{\"@type\":\"ImageObject\",\"inLanguage\":\"es-AR\",\"@id\":\"https:\\\/\\\/igstories.website\\\/#\\\/schema\\\/logo\\\/image\\\/\",\"url\":\"https:\\\/\\\/igstories.website\\\/wp-content\\\/uploads\\\/2024\\\/09\\\/Igstories-logo1.png\",\"contentUrl\":\"https:\\\/\\\/igstories.website\\\/wp-content\\\/uploads\\\/2024\\\/09\\\/Igstories-logo1.png\",\"width\":512,\"height\":512,\"caption\":\"Igstories\"},\"image\":{\"@id\":\"https:\\\/\\\/igstories.website\\\/#\\\/schema\\\/logo\\\/image\\\/\"}}]}<\/script>\n<!-- \/ Yoast SEO plugin. -->","yoast_head_json":{"title":"Descargador de fotos de Instagram - IGStories","robots":{"index":"index","follow":"follow","max-snippet":"max-snippet:-1","max-image-preview":"max-image-preview:large","max-video-preview":"max-video-preview:-1"},"canonical":"https:\/\/igstories.website\/es\/instagram-photo\/","og_locale":"es_ES","og_type":"article","og_title":"Instagram Photo Downloader - IGStories","og_description":"Instagram Photo Downloader","og_url":"https:\/\/igstories.website\/es\/instagram-photo\/","og_site_name":"IGStories","article_modified_time":"2025-02-01T15:03:46+00:00","og_image":[{"url":"https:\/\/igstories.website\/wp-content\/uploads\/2025\/02\/184.-Mobile-Device-300x300.png","type":"","width":"","height":""}],"twitter_card":"summary_large_image","twitter_misc":{"Tiempo de lectura":"2 minutos"},"schema":{"@context":"https:\/\/schema.org","@graph":[{"@type":"WebPage","@id":"https:\/\/igstories.website\/instagram-photo\/","url":"https:\/\/igstories.website\/instagram-photo\/","name":"Descargador de fotos de Instagram - IGStories","isPartOf":{"@id":"https:\/\/igstories.website\/#website"},"primaryImageOfPage":{"@id":"https:\/\/igstories.website\/instagram-photo\/#primaryimage"},"image":{"@id":"https:\/\/igstories.website\/instagram-photo\/#primaryimage"},"thumbnailUrl":"https:\/\/igstories.website\/wp-content\/uploads\/2025\/02\/184.-Mobile-Device-300x300.png","datePublished":"2025-02-01T14:49:22+00:00","dateModified":"2025-02-01T15:03:46+00:00","breadcrumb":{"@id":"https:\/\/igstories.website\/instagram-photo\/#breadcrumb"},"inLanguage":"es-AR","potentialAction":[{"@type":"ReadAction","target":["https:\/\/igstories.website\/instagram-photo\/"]}]},{"@type":"ImageObject","inLanguage":"es-AR","@id":"https:\/\/igstories.website\/instagram-photo\/#primaryimage","url":"https:\/\/igstories.website\/wp-content\/uploads\/2025\/02\/184.-Mobile-Device-300x300.png","contentUrl":"https:\/\/igstories.website\/wp-content\/uploads\/2025\/02\/184.-Mobile-Device-300x300.png"},{"@type":"BreadcrumbList","@id":"https:\/\/igstories.website\/instagram-photo\/#breadcrumb","itemListElement":[{"@type":"ListItem","position":1,"name":"Home","item":"https:\/\/igstories.website\/"},{"@type":"ListItem","position":2,"name":"Instagram Photo Downloader"}]},{"@type":"WebSite","@id":"https:\/\/igstories.website\/#website","url":"https:\/\/igstories.website\/","name":"IGStories","description":"","publisher":{"@id":"https:\/\/igstories.website\/#organization"},"potentialAction":[{"@type":"SearchAction","target":{"@type":"EntryPoint","urlTemplate":"https:\/\/igstories.website\/?s={search_term_string}"},"query-input":{"@type":"PropertyValueSpecification","valueRequired":true,"valueName":"search_term_string"}}],"inLanguage":"es-AR"},{"@type":"Organization","@id":"https:\/\/igstories.website\/#organization","name":"Igstories","url":"https:\/\/igstories.website\/","logo":{"@type":"ImageObject","inLanguage":"es-AR","@id":"https:\/\/igstories.website\/#\/schema\/logo\/image\/","url":"https:\/\/igstories.website\/wp-content\/uploads\/2024\/09\/Igstories-logo1.png","contentUrl":"https:\/\/igstories.website\/wp-content\/uploads\/2024\/09\/Igstories-logo1.png","width":512,"height":512,"caption":"Igstories"},"image":{"@id":"https:\/\/igstories.website\/#\/schema\/logo\/image\/"}}]}},"_links":{"self":[{"href":"https:\/\/igstories.website\/es\/wp-json\/wp\/v2\/pages\/800","targetHints":{"allow":["GET"]}}],"collection":[{"href":"https:\/\/igstories.website\/es\/wp-json\/wp\/v2\/pages"}],"about":[{"href":"https:\/\/igstories.website\/es\/wp-json\/wp\/v2\/types\/page"}],"author":[{"embeddable":true,"href":"https:\/\/igstories.website\/es\/wp-json\/wp\/v2\/users\/1"}],"replies":[{"embeddable":true,"href":"https:\/\/igstories.website\/es\/wp-json\/wp\/v2\/comments?post=800"}],"version-history":[{"count":2,"href":"https:\/\/igstories.website\/es\/wp-json\/wp\/v2\/pages\/800\/revisions"}],"predecessor-version":[{"id":807,"href":"https:\/\/igstories.website\/es\/wp-json\/wp\/v2\/pages\/800\/revisions\/807"}],"wp:attachment":[{"href":"https:\/\/igstories.website\/es\/wp-json\/wp\/v2\/media?parent=800"}],"curies":[{"name":"wp","href":"https:\/\/api.w.org\/{rel}","templated":true}]}}