{"id":800,"date":"2025-02-01T20:19:22","date_gmt":"2025-02-01T14:49:22","guid":{"rendered":"https:\/\/igstories.website\/?page_id=800"},"modified":"2025-02-01T20:33:46","modified_gmt":"2025-02-01T15:03:46","slug":"instagram-photo","status":"publish","type":"page","link":"https:\/\/igstories.website\/fr\/instagram-photo\/","title":{"rendered":"T\u00e9l\u00e9chargeur de photos Instagram"},"content":{"rendered":"<div class=\"wp-block-uagb-info-box uagb-block-0bca2e31 uagb-infobox__content-wrap  uagb-infobox-icon-above-title uagb-infobox-image-valign-top\"><div class=\"uagb-ifb-content\"><div class=\"uagb-ifb-title-wrap\"><br><h1 class=\"uagb-ifb-title\">T\u00e9l\u00e9chargeur de photos Instagram<\/h1><\/div>\n<!DOCTYPE html>\n<html lang=\"en\">\n<head>\n    <meta charset=\"UTF-8\">\n    <meta name=\"viewport\" content=\"width=device-width, initial-scale=1.0\">\n    <link href=\"https:\/\/cdn.jsdelivr.net\/npm\/bootstrap@5.3.2\/dist\/css\/bootstrap.min.css\" rel=\"stylesheet\"\/>\n<\/head>\n<body style=\"font-family: Arial, sans-serif; text-align: center; margin: 0; padding: 0; style=\"background-color:#ecfffe;\">\n<br>\n    <center>\n        <input type=\"text\" id=\"inputField\" placeholder=\"Entrez le nom d&#039;utilisateur ou l&#039;URL Instagram\" \n            style=\"width: 100%; max-width: 900px; padding: 10px; margin-bottom: 10px; border: 2px solid #ddd; border-radius: 5px; font-size: 16px;\">\n        <button onclick=\"handleInput()\" style=\"padding: 10px 20px; background-color: #31A2CB; color: white; border: none; border-radius: 5px; font-size: 16px; cursor: pointer;\">\n            Download\n        <\/button>\n    <\/center>\n    <center>\n        <div id=\"spinner\" class=\"spinner\" style=\"border: 4px solid rgba(0, 0, 0, 0.1); width: 36px; height: 36px; border-radius: 50%; border-top-color: #007bff; margin-top: 10px; display: none; animation: spin 1s linear infinite;\"><\/div>\n    <\/center>\n    <div id=\"result\" style=\"display: flex; flex-direction: column; align-items: center; margin-top: 20px;\"><\/div>\n    <center>\n        \n        <a id=\"moreVideosBtn\" href=\"https:\/\/igstories.website\/fr\" class=\"more-videos-btn\" \n           style=\"display: none; width: 50%; padding: 5px 10px; background-color: #7a3b7a; color: white; border: none; border-radius: 5px; font-size: 16px; text-decoration: none; margin-top: 20px;\">\n           T\u00e9l\u00e9charger plus de vid\u00e9os\n        <\/a>\n    <\/center>\n\t<br>\n    <p id=\"errorMessage\" style=\"color: red; display: none; text-align: center;\"><\/p>\n\n    <script src=\"https:\/\/cdnjs.cloudflare.com\/ajax\/libs\/axios\/1.5.1\/axios.min.js\"><\/script>\n    <script async src=\"\/wp-content\/js\/script.js\"><\/script>\n<\/body>\n<\/html>\n\n\n\n<div class=\"wp-block-uagb-container uagb-block-f0248910 alignfull uagb-is-root-container\"><div class=\"uagb-container-inner-blocks-wrap\">\n<div class=\"wp-block-uagb-container uagb-block-2b3f9e44\">\n<p><img fetchpriority=\"high\" decoding=\"async\" class=\"alignnone size-medium wp-image-803\" src=\"https:\/\/igstories.website\/wp-content\/uploads\/2025\/02\/184.-Mobile-Device-300x300.png\" alt=\"\" width=\"300\" height=\"300\" srcset=\"https:\/\/igstories.website\/wp-content\/uploads\/2025\/02\/184.-Mobile-Device-300x300.png 300w, https:\/\/igstories.website\/wp-content\/uploads\/2025\/02\/184.-Mobile-Device-150x150.png 150w, https:\/\/igstories.website\/wp-content\/uploads\/2025\/02\/184.-Mobile-Device.png 743w\" sizes=\"(max-width: 300px) 100vw, 300px\" \/><\/p>\n<\/div>\n\n\n\n<div class=\"wp-block-uagb-container uagb-block-f9e6e5b5\">\n<p><img decoding=\"async\" class=\"alignnone  wp-image-804\" src=\"https:\/\/igstories.website\/wp-content\/uploads\/2025\/02\/022-Influencer-300x300.png\" alt=\"\" width=\"284\" height=\"284\" srcset=\"https:\/\/igstories.website\/wp-content\/uploads\/2025\/02\/022-Influencer-300x300.png 300w, https:\/\/igstories.website\/wp-content\/uploads\/2025\/02\/022-Influencer-150x150.png 150w, https:\/\/igstories.website\/wp-content\/uploads\/2025\/02\/022-Influencer.png 743w\" sizes=\"(max-width: 284px) 100vw, 284px\" \/><\/p>\n<\/div>\n\n\n\n<div class=\"wp-block-uagb-container uagb-block-5fe05c72\">\n<p><img decoding=\"async\" class=\"alignnone size-medium wp-image-806\" src=\"https:\/\/igstories.website\/wp-content\/uploads\/2025\/02\/213.-Instagram-300x300.png\" alt=\"\" width=\"300\" height=\"300\" srcset=\"https:\/\/igstories.website\/wp-content\/uploads\/2025\/02\/213.-Instagram-300x300.png 300w, https:\/\/igstories.website\/wp-content\/uploads\/2025\/02\/213.-Instagram-150x150.png 150w, https:\/\/igstories.website\/wp-content\/uploads\/2025\/02\/213.-Instagram.png 743w\" sizes=\"(max-width: 300px) 100vw, 300px\" \/><\/p>\n<\/div>\n<\/div><\/div>\n\n\n\n<h2><strong>Image Igstories<\/strong><strong>\u00a0<\/strong><strong>T\u00e9l\u00e9chargeur pour\u00a0<\/strong><strong>Instagram<\/strong><strong>\u00a0<\/strong><\/h2>\n<p>Pr\u00e9parez-vous \u00e0 sauvegarder vos images Instagram sans effort avec Igstories Image Downloader. Voici pourquoi c&#039;est l&#039;outil id\u00e9al pour conserver vos images Instagram pr\u00e9f\u00e9r\u00e9es. Cet outil offre une solution simple pour sauvegarder et ajouter des images \u00e0 vos favoris. Il simplifie le processus de sauvegarde. En quelques clics, les utilisateurs peuvent t\u00e9l\u00e9charger leurs images pr\u00e9f\u00e9r\u00e9es directement sur leurs appareils, \u00e9liminant ainsi les proc\u00e9dures complexes et les applications tierces.<\/p>\n<h2><strong>Fonctionnalit\u00e9s du t\u00e9l\u00e9chargeur de photos Igstories<\/strong><\/h2>\n<p><strong>T\u00e9l\u00e9chargement facile d&#039;images \u2013\u00a0<\/strong>L&#039;un des principaux atouts d&#039;Igstories Image Downloader est sa simplicit\u00e9. Contrairement \u00e0 d&#039;autres outils de sauvegarde d&#039;images qui n\u00e9cessitent des \u00e9tapes ou des t\u00e9l\u00e9chargements complexes, Igstories Image Downloader simplifie le processus. En quelques clics, enregistrez n&#039;importe quelle image Instagram sur votre appareil, \u00e9liminant ainsi les captures d&#039;\u00e9cran manuelles et les applications tierces. Que vous utilisiez votre ordinateur ou votre appareil mobile, ce t\u00e9l\u00e9chargeur d&#039;images vous garantit une exp\u00e9rience fluide \u00e0 chaque fois.<\/p>\n<p><strong>T\u00e9l\u00e9chargement illimit\u00e9 d&#039;images Instagram \u2013 Igstories<\/strong>\u00a0Image Downloader offre un acc\u00e8s illimit\u00e9 aux images Instagram, vous permettant d&#039;en enregistrer autant que vous le souhaitez sans aucune restriction. Que vous souhaitiez enregistrer des images pour votre usage personnel ou cr\u00e9er du contenu pour vos r\u00e9seaux sociaux, cet outil vous garantit un acc\u00e8s illimit\u00e9 \u00e0 toutes les images dont vous avez besoin. Dites adieu aux limites de t\u00e9l\u00e9chargement et d\u00e9couvrez des possibilit\u00e9s infinies avec Image Downloader.<\/p>\n<p><strong>Ne perdez pas la qualit\u00e9 de l&#039;image \u2013\u00a0<\/strong>La qualit\u00e9 est primordiale pour sauvegarder des images Instagram. Avec ce t\u00e9l\u00e9chargeur d&#039;images, vous avez l&#039;assurance que vos images t\u00e9l\u00e9charg\u00e9es conserveront leur qualit\u00e9 d&#039;origine. Qu&#039;il s&#039;agisse d&#039;un paysage \u00e9poustouflant, d&#039;un portrait captivant ou d&#039;un m\u00e8me hilarant, Igstories Image Downloader pr\u00e9serve la qualit\u00e9 r\u00e9elle de l&#039;image, vous garantissant ainsi des visuels clairs et nets \u00e0 chaque fois.<\/p>\n\n\n\n<p><\/p>","protected":false},"excerpt":{"rendered":"<p>T\u00e9l\u00e9chargeur de photos Instagram<\/p>","protected":false},"author":1,"featured_media":0,"parent":0,"menu_order":0,"comment_status":"closed","ping_status":"closed","template":"","meta":{"footnotes":""},"class_list":["post-800","page","type-page","status-publish"],"yoast_head":"<!-- This site is optimized with the Yoast SEO plugin v27.4 - https:\/\/yoast.com\/product\/yoast-seo-wordpress\/ -->\n<title>Instagram Photo Downloader - IGStories<\/title>\n<meta name=\"robots\" content=\"index, follow, max-snippet:-1, max-image-preview:large, max-video-preview:-1\" \/>\n<link rel=\"canonical\" href=\"https:\/\/igstories.website\/fr\/instagram-photo\/\" \/>\n<meta property=\"og:locale\" content=\"fr_FR\" \/>\n<meta property=\"og:type\" content=\"article\" \/>\n<meta property=\"og:title\" content=\"Instagram Photo Downloader - IGStories\" \/>\n<meta property=\"og:description\" content=\"Instagram Photo Downloader\" \/>\n<meta property=\"og:url\" content=\"https:\/\/igstories.website\/fr\/instagram-photo\/\" \/>\n<meta property=\"og:site_name\" content=\"IGStories\" \/>\n<meta property=\"article:modified_time\" content=\"2025-02-01T15:03:46+00:00\" \/>\n<meta property=\"og:image\" content=\"https:\/\/igstories.website\/wp-content\/uploads\/2025\/02\/184.-Mobile-Device-300x300.png\" \/>\n<meta name=\"twitter:card\" content=\"summary_large_image\" \/>\n<meta name=\"twitter:label1\" content=\"Dur\u00e9e de lecture estim\u00e9e\" \/>\n\t<meta name=\"twitter:data1\" content=\"2 minutes\" \/>\n<script type=\"application\/ld+json\" class=\"yoast-schema-graph\">{\"@context\":\"https:\\\/\\\/schema.org\",\"@graph\":[{\"@type\":\"WebPage\",\"@id\":\"https:\\\/\\\/igstories.website\\\/instagram-photo\\\/\",\"url\":\"https:\\\/\\\/igstories.website\\\/instagram-photo\\\/\",\"name\":\"Instagram Photo Downloader - IGStories\",\"isPartOf\":{\"@id\":\"https:\\\/\\\/igstories.website\\\/#website\"},\"primaryImageOfPage\":{\"@id\":\"https:\\\/\\\/igstories.website\\\/instagram-photo\\\/#primaryimage\"},\"image\":{\"@id\":\"https:\\\/\\\/igstories.website\\\/instagram-photo\\\/#primaryimage\"},\"thumbnailUrl\":\"https:\\\/\\\/igstories.website\\\/wp-content\\\/uploads\\\/2025\\\/02\\\/184.-Mobile-Device-300x300.png\",\"datePublished\":\"2025-02-01T14:49:22+00:00\",\"dateModified\":\"2025-02-01T15:03:46+00:00\",\"breadcrumb\":{\"@id\":\"https:\\\/\\\/igstories.website\\\/instagram-photo\\\/#breadcrumb\"},\"inLanguage\":\"fr-FR\",\"potentialAction\":[{\"@type\":\"ReadAction\",\"target\":[\"https:\\\/\\\/igstories.website\\\/instagram-photo\\\/\"]}]},{\"@type\":\"ImageObject\",\"inLanguage\":\"fr-FR\",\"@id\":\"https:\\\/\\\/igstories.website\\\/instagram-photo\\\/#primaryimage\",\"url\":\"https:\\\/\\\/igstories.website\\\/wp-content\\\/uploads\\\/2025\\\/02\\\/184.-Mobile-Device-300x300.png\",\"contentUrl\":\"https:\\\/\\\/igstories.website\\\/wp-content\\\/uploads\\\/2025\\\/02\\\/184.-Mobile-Device-300x300.png\"},{\"@type\":\"BreadcrumbList\",\"@id\":\"https:\\\/\\\/igstories.website\\\/instagram-photo\\\/#breadcrumb\",\"itemListElement\":[{\"@type\":\"ListItem\",\"position\":1,\"name\":\"Home\",\"item\":\"https:\\\/\\\/igstories.website\\\/\"},{\"@type\":\"ListItem\",\"position\":2,\"name\":\"Instagram Photo Downloader\"}]},{\"@type\":\"WebSite\",\"@id\":\"https:\\\/\\\/igstories.website\\\/#website\",\"url\":\"https:\\\/\\\/igstories.website\\\/\",\"name\":\"IGStories\",\"description\":\"\",\"publisher\":{\"@id\":\"https:\\\/\\\/igstories.website\\\/#organization\"},\"potentialAction\":[{\"@type\":\"SearchAction\",\"target\":{\"@type\":\"EntryPoint\",\"urlTemplate\":\"https:\\\/\\\/igstories.website\\\/?s={search_term_string}\"},\"query-input\":{\"@type\":\"PropertyValueSpecification\",\"valueRequired\":true,\"valueName\":\"search_term_string\"}}],\"inLanguage\":\"fr-FR\"},{\"@type\":\"Organization\",\"@id\":\"https:\\\/\\\/igstories.website\\\/#organization\",\"name\":\"Igstories\",\"url\":\"https:\\\/\\\/igstories.website\\\/\",\"logo\":{\"@type\":\"ImageObject\",\"inLanguage\":\"fr-FR\",\"@id\":\"https:\\\/\\\/igstories.website\\\/#\\\/schema\\\/logo\\\/image\\\/\",\"url\":\"https:\\\/\\\/igstories.website\\\/wp-content\\\/uploads\\\/2024\\\/09\\\/Igstories-logo1.png\",\"contentUrl\":\"https:\\\/\\\/igstories.website\\\/wp-content\\\/uploads\\\/2024\\\/09\\\/Igstories-logo1.png\",\"width\":512,\"height\":512,\"caption\":\"Igstories\"},\"image\":{\"@id\":\"https:\\\/\\\/igstories.website\\\/#\\\/schema\\\/logo\\\/image\\\/\"}}]}<\/script>\n<!-- \/ Yoast SEO plugin. -->","yoast_head_json":{"title":"T\u00e9l\u00e9chargeur de photos Instagram - IGStories","robots":{"index":"index","follow":"follow","max-snippet":"max-snippet:-1","max-image-preview":"max-image-preview:large","max-video-preview":"max-video-preview:-1"},"canonical":"https:\/\/igstories.website\/fr\/instagram-photo\/","og_locale":"fr_FR","og_type":"article","og_title":"Instagram Photo Downloader - IGStories","og_description":"Instagram Photo Downloader","og_url":"https:\/\/igstories.website\/fr\/instagram-photo\/","og_site_name":"IGStories","article_modified_time":"2025-02-01T15:03:46+00:00","og_image":[{"url":"https:\/\/igstories.website\/wp-content\/uploads\/2025\/02\/184.-Mobile-Device-300x300.png","type":"","width":"","height":""}],"twitter_card":"summary_large_image","twitter_misc":{"Dur\u00e9e de lecture estim\u00e9e":"2 minutes"},"schema":{"@context":"https:\/\/schema.org","@graph":[{"@type":"WebPage","@id":"https:\/\/igstories.website\/instagram-photo\/","url":"https:\/\/igstories.website\/instagram-photo\/","name":"T\u00e9l\u00e9chargeur de photos Instagram - IGStories","isPartOf":{"@id":"https:\/\/igstories.website\/#website"},"primaryImageOfPage":{"@id":"https:\/\/igstories.website\/instagram-photo\/#primaryimage"},"image":{"@id":"https:\/\/igstories.website\/instagram-photo\/#primaryimage"},"thumbnailUrl":"https:\/\/igstories.website\/wp-content\/uploads\/2025\/02\/184.-Mobile-Device-300x300.png","datePublished":"2025-02-01T14:49:22+00:00","dateModified":"2025-02-01T15:03:46+00:00","breadcrumb":{"@id":"https:\/\/igstories.website\/instagram-photo\/#breadcrumb"},"inLanguage":"fr-FR","potentialAction":[{"@type":"ReadAction","target":["https:\/\/igstories.website\/instagram-photo\/"]}]},{"@type":"ImageObject","inLanguage":"fr-FR","@id":"https:\/\/igstories.website\/instagram-photo\/#primaryimage","url":"https:\/\/igstories.website\/wp-content\/uploads\/2025\/02\/184.-Mobile-Device-300x300.png","contentUrl":"https:\/\/igstories.website\/wp-content\/uploads\/2025\/02\/184.-Mobile-Device-300x300.png"},{"@type":"BreadcrumbList","@id":"https:\/\/igstories.website\/instagram-photo\/#breadcrumb","itemListElement":[{"@type":"ListItem","position":1,"name":"Home","item":"https:\/\/igstories.website\/"},{"@type":"ListItem","position":2,"name":"Instagram Photo Downloader"}]},{"@type":"WebSite","@id":"https:\/\/igstories.website\/#website","url":"https:\/\/igstories.website\/","name":"IGStories","description":"","publisher":{"@id":"https:\/\/igstories.website\/#organization"},"potentialAction":[{"@type":"SearchAction","target":{"@type":"EntryPoint","urlTemplate":"https:\/\/igstories.website\/?s={search_term_string}"},"query-input":{"@type":"PropertyValueSpecification","valueRequired":true,"valueName":"search_term_string"}}],"inLanguage":"fr-FR"},{"@type":"Organization","@id":"https:\/\/igstories.website\/#organization","name":"Igstories","url":"https:\/\/igstories.website\/","logo":{"@type":"ImageObject","inLanguage":"fr-FR","@id":"https:\/\/igstories.website\/#\/schema\/logo\/image\/","url":"https:\/\/igstories.website\/wp-content\/uploads\/2024\/09\/Igstories-logo1.png","contentUrl":"https:\/\/igstories.website\/wp-content\/uploads\/2024\/09\/Igstories-logo1.png","width":512,"height":512,"caption":"Igstories"},"image":{"@id":"https:\/\/igstories.website\/#\/schema\/logo\/image\/"}}]}},"_links":{"self":[{"href":"https:\/\/igstories.website\/fr\/wp-json\/wp\/v2\/pages\/800","targetHints":{"allow":["GET"]}}],"collection":[{"href":"https:\/\/igstories.website\/fr\/wp-json\/wp\/v2\/pages"}],"about":[{"href":"https:\/\/igstories.website\/fr\/wp-json\/wp\/v2\/types\/page"}],"author":[{"embeddable":true,"href":"https:\/\/igstories.website\/fr\/wp-json\/wp\/v2\/users\/1"}],"replies":[{"embeddable":true,"href":"https:\/\/igstories.website\/fr\/wp-json\/wp\/v2\/comments?post=800"}],"version-history":[{"count":2,"href":"https:\/\/igstories.website\/fr\/wp-json\/wp\/v2\/pages\/800\/revisions"}],"predecessor-version":[{"id":807,"href":"https:\/\/igstories.website\/fr\/wp-json\/wp\/v2\/pages\/800\/revisions\/807"}],"wp:attachment":[{"href":"https:\/\/igstories.website\/fr\/wp-json\/wp\/v2\/media?parent=800"}],"curies":[{"name":"wp","href":"https:\/\/api.w.org\/{rel}","templated":true}]}}